{"id":108,"date":"2023-11-19T02:56:29","date_gmt":"2023-11-19T02:56:29","guid":{"rendered":"https:\/\/benchmarks.cl\/?page_id=108"},"modified":"2025-10-13T13:50:29","modified_gmt":"2025-10-13T13:50:29","slug":"camaras","status":"publish","type":"page","link":"https:\/\/benchmarks.cl\/index.php\/camaras\/","title":{"rendered":"C\u00e1maras IA"},"content":{"rendered":"\n\n\n\n\n<div class=\"wp-block-cover alignfull\" style=\"min-height:805px;aspect-ratio:unset;\"><video class=\"wp-block-cover__video-background intrinsic-ignore\" autoplay muted loop playsinline src=\"https:\/\/benchmarks.cl\/wp-content\/uploads\/2023\/12\/road_-_1101-Original.mp4\" style=\"object-position:50% 51%\" data-object-fit=\"cover\" data-object-position=\"50% 51%\"><\/video><span aria-hidden=\"true\" class=\"wp-block-cover__background has-background-dim-30 has-background-dim\"><\/span><div class=\"wp-block-cover__inner-container is-layout-constrained wp-block-cover-is-layout-constrained\">\n<p class=\"has-text-align-center has-larger-font-size\"><strong>DISPOSITOS PARA AUTOS &#8211; CASAS- EMPRESAS<\/strong><\/p>\n\n\n\n<p class=\"has-text-align-center has-larger-font-size\">Tambi\u00e9n tenemos los seguros asociados<\/p>\n\n\n\n<p class=\"has-text-align-center has-large-font-size\"><mark style=\"background-color:rgba(0, 0, 0, 0)\" class=\"has-inline-color has-theme-palette-1-color\"> <\/mark><\/p>\n<\/div><\/div>\n\n\n\n<div class=\"wp-block-columns is-layout-flex wp-container-core-columns-is-layout-9d6595d7 wp-block-columns-is-layout-flex\">\n<div class=\"wp-block-column is-layout-flow wp-block-column-is-layout-flow\" style=\"flex-basis:100%\"><div class=\"wp-block-image\">\n<figure class=\"aligncenter size-large\"><img loading=\"lazy\" decoding=\"async\" width=\"1024\" height=\"184\" src=\"https:\/\/benchmarks.cl\/wp-content\/uploads\/2023\/12\/Imagen1-1024x184.png\" alt=\"\" class=\"wp-image-1370\" srcset=\"https:\/\/benchmarks.cl\/wp-content\/uploads\/2023\/12\/Imagen1-1024x184.png 1024w, https:\/\/benchmarks.cl\/wp-content\/uploads\/2023\/12\/Imagen1-300x54.png 300w, https:\/\/benchmarks.cl\/wp-content\/uploads\/2023\/12\/Imagen1-768x138.png 768w, https:\/\/benchmarks.cl\/wp-content\/uploads\/2023\/12\/Imagen1.png 1266w\" sizes=\"(max-width: 1024px) 100vw, 1024px\" \/><\/figure><\/div><\/div>\n\n\n\n<div class=\"wp-block-column is-layout-flow wp-block-column-is-layout-flow\" style=\"flex-basis:100%\"><div class=\"wp-block-image\">\n<figure class=\"aligncenter size-large\"><img loading=\"lazy\" decoding=\"async\" width=\"1024\" height=\"176\" src=\"https:\/\/benchmarks.cl\/wp-content\/uploads\/2023\/12\/Imagen2-1024x176.png\" alt=\"\" class=\"wp-image-1373\" srcset=\"https:\/\/benchmarks.cl\/wp-content\/uploads\/2023\/12\/Imagen2-1024x176.png 1024w, https:\/\/benchmarks.cl\/wp-content\/uploads\/2023\/12\/Imagen2-300x51.png 300w, https:\/\/benchmarks.cl\/wp-content\/uploads\/2023\/12\/Imagen2-768x132.png 768w, https:\/\/benchmarks.cl\/wp-content\/uploads\/2023\/12\/Imagen2.png 1266w\" sizes=\"(max-width: 1024px) 100vw, 1024px\" \/><\/figure><\/div><\/div>\n<\/div>\n\n\n\n<p class=\"has-text-align-center has-small-font-size\">Durante el 2023 ha sido un acierto poder no tener contratos de exclusividad, y poder transformarnos en multioperador aplicando tecnolog\u00edas facilitantes<\/p>\n\n\n\n<hr class=\"wp-block-separator has-css-opacity is-style-default\"\/>\n\n\n\n<p class=\"has-text-align-center has-small-font-size\">En Benchamarks creamos un modelo de ventas colaborativo, tecnol\u00f3gico y humano para llevar la venta a los tiempos de hoy. Somos una empresa especializada en la gesti\u00f3n de venta, pioneros en ofrecer una soluci\u00f3n integral que facilita el proceso de compra llevando el mejor servicio a las personas de forma f\u00e1cil, r\u00e1pida y personalizada. Agregamos valor a la experiencia de compra y hacemos posible que las personas tomen mejores decisiones de forma honesta y transparente.<\/p>\n\n\n\n<figure class=\"wp-block-gallery has-nested-images columns-default is-cropped wp-block-gallery-1 is-layout-flex wp-block-gallery-is-layout-flex\">\n<figure data-wp-context=\"{&quot;imageId&quot;:&quot;69dc2bc4c61b9&quot;}\" data-wp-interactive=\"core\/image\" class=\"wp-block-image size-large wp-lightbox-container\"><img loading=\"lazy\" decoding=\"async\" width=\"1024\" height=\"576\" data-wp-class--hide=\"state.isContentHidden\" data-wp-class--show=\"state.isContentVisible\" data-wp-init=\"callbacks.setButtonStyles\" data-wp-on-async--click=\"actions.showLightbox\" data-wp-on-async--load=\"callbacks.setButtonStyles\" data-wp-on-async-window--resize=\"callbacks.setButtonStyles\" data-id=\"397\" src=\"https:\/\/benchmarks.cl\/wp-content\/uploads\/2023\/11\/2-1-1024x576.png\" alt=\"\" class=\"wp-image-397\" srcset=\"https:\/\/benchmarks.cl\/wp-content\/uploads\/2023\/11\/2-1-1024x576.png 1024w, https:\/\/benchmarks.cl\/wp-content\/uploads\/2023\/11\/2-1-300x169.png 300w, https:\/\/benchmarks.cl\/wp-content\/uploads\/2023\/11\/2-1-768x432.png 768w, https:\/\/benchmarks.cl\/wp-content\/uploads\/2023\/11\/2-1.png 1280w\" sizes=\"(max-width: 1024px) 100vw, 1024px\" \/><button\n\t\t\tclass=\"lightbox-trigger\"\n\t\t\ttype=\"button\"\n\t\t\taria-haspopup=\"dialog\"\n\t\t\taria-label=\"Agrandar\"\n\t\t\tdata-wp-init=\"callbacks.initTriggerButton\"\n\t\t\tdata-wp-on-async--click=\"actions.showLightbox\"\n\t\t\tdata-wp-style--right=\"state.imageButtonRight\"\n\t\t\tdata-wp-style--top=\"state.imageButtonTop\"\n\t\t>\n\t\t\t<svg xmlns=\"http:\/\/www.w3.org\/2000\/svg\" width=\"12\" height=\"12\" fill=\"none\" viewBox=\"0 0 12 12\">\n\t\t\t\t<path fill=\"#fff\" d=\"M2 0a2 2 0 0 0-2 2v2h1.5V2a.5.5 0 0 1 .5-.5h2V0H2Zm2 10.5H2a.5.5 0 0 1-.5-.5V8H0v2a2 2 0 0 0 2 2h2v-1.5ZM8 12v-1.5h2a.5.5 0 0 0 .5-.5V8H12v2a2 2 0 0 1-2 2H8Zm2-12a2 2 0 0 1 2 2v2h-1.5V2a.5.5 0 0 0-.5-.5H8V0h2Z\" \/>\n\t\t\t<\/svg>\n\t\t<\/button><\/figure>\n\n\n\n<figure data-wp-context=\"{&quot;imageId&quot;:&quot;69dc2bc4c65b3&quot;}\" data-wp-interactive=\"core\/image\" class=\"wp-block-image size-large wp-lightbox-container\"><img loading=\"lazy\" decoding=\"async\" width=\"1024\" height=\"576\" data-wp-class--hide=\"state.isContentHidden\" data-wp-class--show=\"state.isContentVisible\" data-wp-init=\"callbacks.setButtonStyles\" data-wp-on-async--click=\"actions.showLightbox\" data-wp-on-async--load=\"callbacks.setButtonStyles\" data-wp-on-async-window--resize=\"callbacks.setButtonStyles\" data-id=\"398\" src=\"https:\/\/benchmarks.cl\/wp-content\/uploads\/2023\/11\/3-1-1024x576.png\" alt=\"\" class=\"wp-image-398\" srcset=\"https:\/\/benchmarks.cl\/wp-content\/uploads\/2023\/11\/3-1-1024x576.png 1024w, https:\/\/benchmarks.cl\/wp-content\/uploads\/2023\/11\/3-1-300x169.png 300w, https:\/\/benchmarks.cl\/wp-content\/uploads\/2023\/11\/3-1-768x432.png 768w, https:\/\/benchmarks.cl\/wp-content\/uploads\/2023\/11\/3-1.png 1280w\" sizes=\"(max-width: 1024px) 100vw, 1024px\" \/><button\n\t\t\tclass=\"lightbox-trigger\"\n\t\t\ttype=\"button\"\n\t\t\taria-haspopup=\"dialog\"\n\t\t\taria-label=\"Agrandar\"\n\t\t\tdata-wp-init=\"callbacks.initTriggerButton\"\n\t\t\tdata-wp-on-async--click=\"actions.showLightbox\"\n\t\t\tdata-wp-style--right=\"state.imageButtonRight\"\n\t\t\tdata-wp-style--top=\"state.imageButtonTop\"\n\t\t>\n\t\t\t<svg xmlns=\"http:\/\/www.w3.org\/2000\/svg\" width=\"12\" height=\"12\" fill=\"none\" viewBox=\"0 0 12 12\">\n\t\t\t\t<path fill=\"#fff\" d=\"M2 0a2 2 0 0 0-2 2v2h1.5V2a.5.5 0 0 1 .5-.5h2V0H2Zm2 10.5H2a.5.5 0 0 1-.5-.5V8H0v2a2 2 0 0 0 2 2h2v-1.5ZM8 12v-1.5h2a.5.5 0 0 0 .5-.5V8H12v2a2 2 0 0 1-2 2H8Zm2-12a2 2 0 0 1 2 2v2h-1.5V2a.5.5 0 0 0-.5-.5H8V0h2Z\" \/>\n\t\t\t<\/svg>\n\t\t<\/button><\/figure>\n\n\n\n<figure data-wp-context=\"{&quot;imageId&quot;:&quot;69dc2bc4c6db4&quot;}\" data-wp-interactive=\"core\/image\" class=\"wp-block-image size-full wp-lightbox-container\"><img loading=\"lazy\" decoding=\"async\" width=\"1280\" height=\"720\" data-wp-class--hide=\"state.isContentHidden\" data-wp-class--show=\"state.isContentVisible\" data-wp-init=\"callbacks.setButtonStyles\" data-wp-on-async--click=\"actions.showLightbox\" data-wp-on-async--load=\"callbacks.setButtonStyles\" data-wp-on-async-window--resize=\"callbacks.setButtonStyles\" data-id=\"415\" src=\"https:\/\/benchmarks.cl\/wp-content\/uploads\/2023\/11\/z.png\" alt=\"\" class=\"wp-image-415\" srcset=\"https:\/\/benchmarks.cl\/wp-content\/uploads\/2023\/11\/z.png 1280w, https:\/\/benchmarks.cl\/wp-content\/uploads\/2023\/11\/z-300x169.png 300w, https:\/\/benchmarks.cl\/wp-content\/uploads\/2023\/11\/z-1024x576.png 1024w, https:\/\/benchmarks.cl\/wp-content\/uploads\/2023\/11\/z-768x432.png 768w\" sizes=\"(max-width: 1280px) 100vw, 1280px\" \/><button\n\t\t\tclass=\"lightbox-trigger\"\n\t\t\ttype=\"button\"\n\t\t\taria-haspopup=\"dialog\"\n\t\t\taria-label=\"Agrandar\"\n\t\t\tdata-wp-init=\"callbacks.initTriggerButton\"\n\t\t\tdata-wp-on-async--click=\"actions.showLightbox\"\n\t\t\tdata-wp-style--right=\"state.imageButtonRight\"\n\t\t\tdata-wp-style--top=\"state.imageButtonTop\"\n\t\t>\n\t\t\t<svg xmlns=\"http:\/\/www.w3.org\/2000\/svg\" width=\"12\" height=\"12\" fill=\"none\" viewBox=\"0 0 12 12\">\n\t\t\t\t<path fill=\"#fff\" d=\"M2 0a2 2 0 0 0-2 2v2h1.5V2a.5.5 0 0 1 .5-.5h2V0H2Zm2 10.5H2a.5.5 0 0 1-.5-.5V8H0v2a2 2 0 0 0 2 2h2v-1.5ZM8 12v-1.5h2a.5.5 0 0 0 .5-.5V8H12v2a2 2 0 0 1-2 2H8Zm2-12a2 2 0 0 1 2 2v2h-1.5V2a.5.5 0 0 0-.5-.5H8V0h2Z\" \/>\n\t\t\t<\/svg>\n\t\t<\/button><\/figure>\n<\/figure>\n\n\n\n<div class=\"wp-block-columns is-layout-flex wp-container-core-columns-is-layout-9d6595d7 wp-block-columns-is-layout-flex\">\n<div class=\"wp-block-column is-layout-flow wp-block-column-is-layout-flow\"><\/div>\n\n\n\n<div class=\"wp-block-column is-vertically-aligned-center is-layout-flow wp-block-column-is-layout-flow\"><\/div>\n\n\n\n<div class=\"wp-block-column is-layout-flow wp-block-column-is-layout-flow\"><\/div>\n<\/div>\n\n\n\n<div class=\"wp-block-group\"><div class=\"wp-block-group__inner-container is-layout-constrained wp-block-group-is-layout-constrained\">\n<div class=\"wp-block-columns is-layout-flex wp-container-core-columns-is-layout-9d6595d7 wp-block-columns-is-layout-flex\">\n<div class=\"wp-block-column is-layout-flow wp-block-column-is-layout-flow\"><\/div>\n\n\n\n<div class=\"wp-block-column is-vertically-aligned-center is-layout-flow wp-block-column-is-layout-flow\"><\/div>\n\n\n\n<div class=\"wp-block-column is-layout-flow wp-block-column-is-layout-flow\"><\/div>\n<\/div>\n<\/div><\/div>\n\n\n\n<hr class=\"wp-block-separator has-css-opacity is-style-default\"\/>\n\n\n\n<p class=\"has-text-align-center has-small-font-size\">Miguel Claro 195. Providencia. Santiago &#8211; Chile. <strong>contacto@benchmarks.cl | <\/strong>+56977417738<\/p>\n","protected":false},"excerpt":{"rendered":"<p>Durante el 2023 ha sido un acierto poder no tener contratos de exclusividad, y poder transformarnos en multioperador aplicando tecnolog\u00edas facilitantes En Benchamarks creamos un modelo de ventas colaborativo, tecnol\u00f3gico y humano para llevar la venta a los tiempos de hoy. Somos una empresa especializada en la gesti\u00f3n de venta, pioneros en ofrecer una soluci\u00f3n [&hellip;]<\/p>\n","protected":false},"author":1,"featured_media":1217,"parent":0,"menu_order":0,"comment_status":"closed","ping_status":"closed","template":"","meta":{"saved_in_kubio":true,"footnotes":""},"class_list":["post-108","page","type-page","status-publish","has-post-thumbnail","hentry"],"kubio_ai_page_context":{"short_desc":"","purpose":"general"},"_links":{"self":[{"href":"https:\/\/benchmarks.cl\/index.php\/wp-json\/wp\/v2\/pages\/108","targetHints":{"allow":["GET"]}}],"collection":[{"href":"https:\/\/benchmarks.cl\/index.php\/wp-json\/wp\/v2\/pages"}],"about":[{"href":"https:\/\/benchmarks.cl\/index.php\/wp-json\/wp\/v2\/types\/page"}],"author":[{"embeddable":true,"href":"https:\/\/benchmarks.cl\/index.php\/wp-json\/wp\/v2\/users\/1"}],"replies":[{"embeddable":true,"href":"https:\/\/benchmarks.cl\/index.php\/wp-json\/wp\/v2\/comments?post=108"}],"version-history":[{"count":100,"href":"https:\/\/benchmarks.cl\/index.php\/wp-json\/wp\/v2\/pages\/108\/revisions"}],"predecessor-version":[{"id":3143,"href":"https:\/\/benchmarks.cl\/index.php\/wp-json\/wp\/v2\/pages\/108\/revisions\/3143"}],"wp:featuredmedia":[{"embeddable":true,"href":"https:\/\/benchmarks.cl\/index.php\/wp-json\/wp\/v2\/media\/1217"}],"wp:attachment":[{"href":"https:\/\/benchmarks.cl\/index.php\/wp-json\/wp\/v2\/media?parent=108"}],"curies":[{"name":"wp","href":"https:\/\/api.w.org\/{rel}","templated":true}]}}